{"id":31,"date":"2024-11-27T16:09:35","date_gmt":"2024-11-27T16:09:35","guid":{"rendered":"https:\/\/b27.joaolamares.com\/?page_id=31"},"modified":"2025-02-03T12:22:12","modified_gmt":"2025-02-03T12:22:12","slug":"a-prova","status":"publish","type":"page","link":"https:\/\/b27.joaolamares.com\/index.php\/a-prova\/","title":{"rendered":"A Prova"},"content":{"rendered":"\n<p class=\"western\">A Badlands \u00e9 uma prova de ultra maratona realizada no sul de Espanha, com uma extens\u00e3o aproximada de 800Km e um acumulado de altitude aproximada de 16000m.<\/p>\n\n\n\n<p>O percurso tem in\u00edcio em Granada, passando pela Serra Nevada, Deserto de Gorafe, Deserto de Tabernas, Cabo da Gata e terminando em Almeria.<\/p>\n\n\n\n<p>Badlands \u00e9 considerado um dos maiores desafios europeus em paisagem natural, na categoria de gravel. Os participantes podem concorrer a solo ou em pares em regime de \u201cBike Packing\u201d, sendo que em qualquer uma das alternativas, s\u00e3o obrigados a realizar a prova sem aux\u00edlios externos.<\/p>\n\n\n\n<p class=\"western\">Embora o plano deva ser realizado previamente, a sua execu\u00e7\u00e3o tem de ser di\u00e1ria, n\u00e3o sendo poss\u00edvel marca\u00e7\u00f5es de alojamento ou estadia se n\u00e3o no pr\u00f3prio dia. Os participantes t\u00eam seis dias para completar o percurso. Durante este, h\u00e1 pontos de controlo e localidades onde \u00e9 poss\u00edvel descansar, alimentar-se e reabastecer-se. Qualquer resolu\u00e7\u00e3o de problemas, mec\u00e2nico e\/ou de sa\u00fade, dever\u00e3o ser resolvidos autonomamente pelos pr\u00f3prios.<\/p>\n","protected":false},"excerpt":{"rendered":"<p>A Badlands \u00e9 uma prova de ultra maratona realizada no sul de Espanha, com uma extens\u00e3o aproximada de 800Km e um acumulado de altitude aproximada de 16000m. O percurso tem in\u00edcio em Granada, passando pela Serra Nevada, Deserto de Gorafe, Deserto de Tabernas, Cabo da Gata e terminando em Almeria. Badlands \u00e9 considerado um dos [&hellip;]<\/p>\n","protected":false},"author":1,"featured_media":17,"parent":0,"menu_order":0,"comment_status":"closed","ping_status":"closed","template":"page-wide","meta":{"footnotes":""},"class_list":["post-31","page","type-page","status-publish","has-post-thumbnail","hentry"],"_links":{"self":[{"href":"https:\/\/b27.joaolamares.com\/index.php\/wp-json\/wp\/v2\/pages\/31","targetHints":{"allow":["GET"]}}],"collection":[{"href":"https:\/\/b27.joaolamares.com\/index.php\/wp-json\/wp\/v2\/pages"}],"about":[{"href":"https:\/\/b27.joaolamares.com\/index.php\/wp-json\/wp\/v2\/types\/page"}],"author":[{"embeddable":true,"href":"https:\/\/b27.joaolamares.com\/index.php\/wp-json\/wp\/v2\/users\/1"}],"replies":[{"embeddable":true,"href":"https:\/\/b27.joaolamares.com\/index.php\/wp-json\/wp\/v2\/comments?post=31"}],"version-history":[{"count":4,"href":"https:\/\/b27.joaolamares.com\/index.php\/wp-json\/wp\/v2\/pages\/31\/revisions"}],"predecessor-version":[{"id":224,"href":"https:\/\/b27.joaolamares.com\/index.php\/wp-json\/wp\/v2\/pages\/31\/revisions\/224"}],"wp:featuredmedia":[{"embeddable":true,"href":"https:\/\/b27.joaolamares.com\/index.php\/wp-json\/wp\/v2\/media\/17"}],"wp:attachment":[{"href":"https:\/\/b27.joaolamares.com\/index.php\/wp-json\/wp\/v2\/media?parent=31"}],"curies":[{"name":"wp","href":"https:\/\/api.w.org\/{rel}","templated":true}]}}