{"id":31,"date":"2024-11-27T16:09:35","date_gmt":"2024-11-27T16:09:35","guid":{"rendered":"https:\/\/b27.joaolamares.com\/?page_id=31"},"modified":"2024-11-28T12:18:22","modified_gmt":"2024-11-28T12:18:22","slug":"la-prueba","status":"publish","type":"page","link":"https:\/\/b27.joaolamares.com\/es\/index.php\/la-prueba\/","title":{"rendered":"La Prueba"},"content":{"rendered":"\n<p class=\"western\">The Badlands es una carrera de ultramarat\u00f3n que se celebra en el sur de Espa\u00f1a, con una longitud aproximada de 800 kil\u00f3metros y una altitud acumulada de unos 16.000 metros.<\/p>\n\n\n\n<p>La ruta comienza en Granada, pasa por Sierra Nevada, el desierto de Gorafe, el desierto de Tabernas, Cabo da Gata y termina en Almer\u00eda.<\/p>\n\n\n\n<p>Badlands est\u00e1 considerado uno de los mayores desaf\u00edos paisaj\u00edsticos naturales de Europa en la categor\u00eda de grava. Los participantes pueden competir en solitario o por parejas en r\u00e9gimen de \u00abBike Packing\u00bb, y en ambos casos deben completar la carrera sin ayudas externas.<\/p>\n\n\n\n<p class=\"western\">Aunque el plan debe realizarse con antelaci\u00f3n, debe llevarse a cabo a diario, y no es posible reservar alojamiento o manutenci\u00f3n a menos que sea en el mismo d\u00eda. Los participantes disponen de seis d\u00edas para completar la ruta. Durante este tiempo, hay puntos de control y lugares donde se puede descansar, comer y repostar. Cualquier problema mec\u00e1nico y\/o de salud debe ser resuelto de forma independiente por los propios participantes.<\/p>\n","protected":false},"excerpt":{"rendered":"<p>The Badlands es una carrera de ultramarat\u00f3n que se celebra en el sur de Espa\u00f1a, con una longitud aproximada de 800 kil\u00f3metros y una altitud acumulada de unos 16.000 metros. La ruta comienza en Granada, pasa por Sierra Nevada, el desierto de Gorafe, el desierto de Tabernas, Cabo da Gata y termina en Almer\u00eda. Badlands [&hellip;]<\/p>\n","protected":false},"author":1,"featured_media":17,"parent":0,"menu_order":0,"comment_status":"closed","ping_status":"closed","template":"page-wide","meta":{"footnotes":""},"class_list":["post-31","page","type-page","status-publish","has-post-thumbnail","hentry"],"_links":{"self":[{"href":"https:\/\/b27.joaolamares.com\/es\/index.php\/wp-json\/wp\/v2\/pages\/31","targetHints":{"allow":["GET"]}}],"collection":[{"href":"https:\/\/b27.joaolamares.com\/es\/index.php\/wp-json\/wp\/v2\/pages"}],"about":[{"href":"https:\/\/b27.joaolamares.com\/es\/index.php\/wp-json\/wp\/v2\/types\/page"}],"author":[{"embeddable":true,"href":"https:\/\/b27.joaolamares.com\/es\/index.php\/wp-json\/wp\/v2\/users\/1"}],"replies":[{"embeddable":true,"href":"https:\/\/b27.joaolamares.com\/es\/index.php\/wp-json\/wp\/v2\/comments?post=31"}],"version-history":[{"count":5,"href":"https:\/\/b27.joaolamares.com\/es\/index.php\/wp-json\/wp\/v2\/pages\/31\/revisions"}],"predecessor-version":[{"id":190,"href":"https:\/\/b27.joaolamares.com\/es\/index.php\/wp-json\/wp\/v2\/pages\/31\/revisions\/190"}],"wp:featuredmedia":[{"embeddable":true,"href":"https:\/\/b27.joaolamares.com\/es\/index.php\/wp-json\/wp\/v2\/media\/17"}],"wp:attachment":[{"href":"https:\/\/b27.joaolamares.com\/es\/index.php\/wp-json\/wp\/v2\/media?parent=31"}],"curies":[{"name":"wp","href":"https:\/\/api.w.org\/{rel}","templated":true}]}}